{"id":42,"date":"2012-03-31T16:34:02","date_gmt":"2012-03-31T16:34:02","guid":{"rendered":"http:\/\/herbtronic.de\/wordpress\/?page_id=42"},"modified":"2013-09-10T17:23:40","modified_gmt":"2013-09-10T17:23:40","slug":"referenzen","status":"publish","type":"page","link":"https:\/\/www.herbtronic.de\/?page_id=42","title":{"rendered":"Referenzen"},"content":{"rendered":"<ul>\n<li>Imtradex H\u00f6r-\/Sprechsysteme GmbH (<a href=\"http:\/\/www.imtradex.de\">www.imtradex.de<\/a>)<\/li>\n<li>Johann Hay GmbH &amp; Co. KG Automobiltechnik, Bad Sobernheim (<a href=\"http:\/\/www.hay.de\">www.hay.de<\/a>)<\/li>\n<li>Vomatec International GmbH, Bad Kreuznach (<a href=\"http:\/\/www.vomatec.de\">www.vomatec.de<\/a>)<\/li>\n<li>Optik Pitzer, Waldb\u00f6ckelheim (<a href=\"http:\/\/www.optik-pitzer.de\">www.optik-pitzer.de<\/a>)<\/li>\n<li>vds K\u00f6ln, Mitglied des Arbeitskreises vds3534: VdS-Pr\u00fcfrichtlinie f\u00fcr Gefahrenmanagementsysteme (<a href=\"http:\/\/www.vds.de\">www.vds.de<\/a>)<\/li>\n<li>Wolfgang K\u00f6lsch GmbH Transportunternehmen, Roth<\/li>\n<li>Fahrzeugausbau &amp; Schreinerei Lersch-Kessel, Langenthal (<a href=\"http:\/\/www.fahrzeugausbau-lersch-kessel.de\">www.fahrzeugausbau-lersch-kessel.de<\/a>)<\/li>\n<\/ul>\n","protected":false},"excerpt":{"rendered":"<p>Imtradex H\u00f6r-\/Sprechsysteme GmbH (www.imtradex.de) Johann Hay GmbH &amp; Co. KG Automobiltechnik, Bad Sobernheim (www.hay.de) Vomatec International GmbH, Bad Kreuznach (www.vomatec.de) Optik Pitzer, Waldb\u00f6ckelheim (www.optik-pitzer.de) vds K\u00f6ln, Mitglied des Arbeitskreises vds3534: VdS-Pr\u00fcfrichtlinie f\u00fcr Gefahrenmanagementsysteme (www.vds.de) Wolfgang K\u00f6lsch GmbH Transportunternehmen, Roth Fahrzeugausbau &hellip; <a href=\"https:\/\/www.herbtronic.de\/?page_id=42\">Weiterlesen <span class=\"meta-nav\">&rarr;<\/span><\/a><\/p>\n","protected":false},"author":1,"featured_media":0,"parent":0,"menu_order":0,"comment_status":"closed","ping_status":"closed","template":"","meta":{"footnotes":""},"_links":{"self":[{"href":"https:\/\/www.herbtronic.de\/index.php?rest_route=\/wp\/v2\/pages\/42"}],"collection":[{"href":"https:\/\/www.herbtronic.de\/index.php?rest_route=\/wp\/v2\/pages"}],"about":[{"href":"https:\/\/www.herbtronic.de\/index.php?rest_route=\/wp\/v2\/types\/page"}],"author":[{"embeddable":true,"href":"https:\/\/www.herbtronic.de\/index.php?rest_route=\/wp\/v2\/users\/1"}],"replies":[{"embeddable":true,"href":"https:\/\/www.herbtronic.de\/index.php?rest_route=%2Fwp%2Fv2%2Fcomments&post=42"}],"version-history":[{"count":13,"href":"https:\/\/www.herbtronic.de\/index.php?rest_route=\/wp\/v2\/pages\/42\/revisions"}],"predecessor-version":[{"id":75,"href":"https:\/\/www.herbtronic.de\/index.php?rest_route=\/wp\/v2\/pages\/42\/revisions\/75"}],"wp:attachment":[{"href":"https:\/\/www.herbtronic.de\/index.php?rest_route=%2Fwp%2Fv2%2Fmedia&parent=42"}],"curies":[{"name":"wp","href":"https:\/\/api.w.org\/{rel}","templated":true}]}}