{"id":22,"date":"2012-03-31T14:53:50","date_gmt":"2012-03-31T14:53:50","guid":{"rendered":"http:\/\/herbtronic.de\/wordpress\/?page_id=22"},"modified":"2013-10-13T12:45:27","modified_gmt":"2013-10-13T12:45:27","slug":"leistungen","status":"publish","type":"page","link":"https:\/\/www.herbtronic.de\/","title":{"rendered":"Leistungen und Erfahrungen"},"content":{"rendered":"<ul>\n<li>Individuelle Softwarel\u00f6sungen<\/li>\n<li>Beratung und Konzepterstellung in den Bereichen\n<ul>\n<li>Video\u00fcberwachung<\/li>\n<li>Alarmierungstechnik<\/li>\n<li>Gefahrenmanagement<\/li>\n<li>Virtualisierung bestehender Anwendungen, die nicht unter den aktuellen Betriebssystemen laufen.<\/li>\n<li>Telekommunikation<\/li>\n<li>\u00dcberwachen, protokollieren, informieren von zu \u00fcberwachenden Datenpunkten<\/li>\n<li>Datensicherungskonzepte, Internetzugang, Firmenvernetzung<\/li>\n<li>Fernwirken und \u00dcberwachen von Wohnungen und Betriebsst\u00e4tten<\/li>\n<li>Haus-Automation mit Visualisierung und Fernbedienung<\/li>\n<li>Datenmigrationen jeglicher Art inkl. Datenkonvertierungen<\/li>\n<\/ul>\n<\/li>\n<\/ul>\n","protected":false},"excerpt":{"rendered":"<p>Individuelle Softwarel\u00f6sungen Beratung und Konzepterstellung in den Bereichen Video\u00fcberwachung Alarmierungstechnik Gefahrenmanagement Virtualisierung bestehender Anwendungen, die nicht unter den aktuellen Betriebssystemen laufen. Telekommunikation \u00dcberwachen, protokollieren, informieren von zu \u00fcberwachenden Datenpunkten Datensicherungskonzepte, Internetzugang, Firmenvernetzung Fernwirken und \u00dcberwachen von Wohnungen und Betriebsst\u00e4tten Haus-Automation &hellip; <a href=\"https:\/\/www.herbtronic.de\/\">Weiterlesen <span class=\"meta-nav\">&rarr;<\/span><\/a><\/p>\n","protected":false},"author":1,"featured_media":0,"parent":0,"menu_order":0,"comment_status":"closed","ping_status":"closed","template":"","meta":{"footnotes":""},"_links":{"self":[{"href":"https:\/\/www.herbtronic.de\/index.php?rest_route=\/wp\/v2\/pages\/22"}],"collection":[{"href":"https:\/\/www.herbtronic.de\/index.php?rest_route=\/wp\/v2\/pages"}],"about":[{"href":"https:\/\/www.herbtronic.de\/index.php?rest_route=\/wp\/v2\/types\/page"}],"author":[{"embeddable":true,"href":"https:\/\/www.herbtronic.de\/index.php?rest_route=\/wp\/v2\/users\/1"}],"replies":[{"embeddable":true,"href":"https:\/\/www.herbtronic.de\/index.php?rest_route=%2Fwp%2Fv2%2Fcomments&post=22"}],"version-history":[{"count":11,"href":"https:\/\/www.herbtronic.de\/index.php?rest_route=\/wp\/v2\/pages\/22\/revisions"}],"predecessor-version":[{"id":82,"href":"https:\/\/www.herbtronic.de\/index.php?rest_route=\/wp\/v2\/pages\/22\/revisions\/82"}],"wp:attachment":[{"href":"https:\/\/www.herbtronic.de\/index.php?rest_route=%2Fwp%2Fv2%2Fmedia&parent=22"}],"curies":[{"name":"wp","href":"https:\/\/api.w.org\/{rel}","templated":true}]}}